{"id":8,"date":"2018-02-19T10:43:05","date_gmt":"2018-02-19T10:43:05","guid":{"rendered":"http:\/\/meister-malerei.com\/?page_id=8"},"modified":"2020-11-14T18:43:52","modified_gmt":"2020-11-14T18:43:52","slug":"techniken","status":"publish","type":"page","link":"http:\/\/meister-malerei.com\/?page_id=8","title":{"rendered":"Techniken"},"content":{"rendered":"<p>Wir beherrschen moderne und klassische Mal- und Spachteltechniken.<\/p>\n<p>Mit diesen faszinierenden Techniken geben Sie Ihren Gesch\u00e4ftsr\u00e4umen und Ihrem Zuhause einen neuen Stil. Wir setzen die Techniken sowohl dezent und zur\u00fcckhaltend ein oder bewusst stark, um wirkungsvolle Akzente zu erzielen.<\/p>\n<p><span style=\"font-size: 1rem;\">Gerne zeigen wir Ihnen Muster und Beispiele aus unseren Kollektionen und realisierten Projekten.<\/span><\/p>\n<p>Auf Wunsch fertigen wir gerne Musterplatten an, damit Ihnen die Entscheidung f\u00fcr das richtige Produkt und den passenden Farbton leichter f\u00e4llt.<\/p>\n","protected":false},"excerpt":{"rendered":"<p>Wir beherrschen moderne und klassische Mal- und Spachteltechniken. Mit diesen faszinierenden Techniken geben Sie Ihren Gesch\u00e4ftsr\u00e4umen und Ihrem Zuhause einen neuen Stil. Wir setzen die Techniken sowohl dezent und zur\u00fcckhaltend ein oder bewusst stark, um wirkungsvolle Akzente zu erzielen. Gerne<\/p>\n","protected":false},"author":1,"featured_media":0,"parent":0,"menu_order":0,"comment_status":"closed","ping_status":"closed","template":"","meta":[],"_links":{"self":[{"href":"http:\/\/meister-malerei.com\/index.php?rest_route=\/wp\/v2\/pages\/8"}],"collection":[{"href":"http:\/\/meister-malerei.com\/index.php?rest_route=\/wp\/v2\/pages"}],"about":[{"href":"http:\/\/meister-malerei.com\/index.php?rest_route=\/wp\/v2\/types\/page"}],"author":[{"embeddable":true,"href":"http:\/\/meister-malerei.com\/index.php?rest_route=\/wp\/v2\/users\/1"}],"replies":[{"embeddable":true,"href":"http:\/\/meister-malerei.com\/index.php?rest_route=%2Fwp%2Fv2%2Fcomments&post=8"}],"version-history":[{"count":5,"href":"http:\/\/meister-malerei.com\/index.php?rest_route=\/wp\/v2\/pages\/8\/revisions"}],"predecessor-version":[{"id":66,"href":"http:\/\/meister-malerei.com\/index.php?rest_route=\/wp\/v2\/pages\/8\/revisions\/66"}],"wp:attachment":[{"href":"http:\/\/meister-malerei.com\/index.php?rest_route=%2Fwp%2Fv2%2Fmedia&parent=8"}],"curies":[{"name":"wp","href":"https:\/\/api.w.org\/{rel}","templated":true}]}}