{"id":5,"date":"2018-02-19T10:42:41","date_gmt":"2018-02-19T10:42:41","guid":{"rendered":"http:\/\/meister-malerei.com\/?page_id=5"},"modified":"2020-11-14T18:37:51","modified_gmt":"2020-11-14T18:37:51","slug":"angebot","status":"publish","type":"page","link":"http:\/\/meister-malerei.com\/?page_id=5","title":{"rendered":"Angebot"},"content":{"rendered":"<p>Alle Arbeiten werden sauber und akkurat ausgef\u00fchrt.<\/p>\n<ul>\n<li>Maler- und Tapezierarbeiten<\/li>\n<li>Lackierarbeiten von Fenstern, T\u00fcren, Gel\u00e4ndern, M\u00f6bel u.v.m.<br \/>\n(auch im Spritzverfahren)<\/li>\n<li>Fassadenanstriche und Neuputz<\/li>\n<li>Bodenbelagsarbeiten: Parkett, Vinyl, Laminat und Teppich<\/li>\n<li>Wall&amp;Deko Tapeten f\u00fcr ihre Wohnr\u00e4ume oder in ihrem Bad, anstelle von Fliesen<\/li>\n<li>Wasserdichte Spachtechniken f\u00fcr ihr Bad auch auf ihren vorhandenen Fliesen<\/li>\n<\/ul>\n<p>Wir beraten Sie gerne vor Ort und informieren Sie auch \u00fcber Alternativen, \u00fcber Materialeigenschaften und Kosten.<\/p>\n","protected":false},"excerpt":{"rendered":"<p>Alle Arbeiten werden sauber und akkurat ausgef\u00fchrt. Maler- und Tapezierarbeiten Lackierarbeiten von Fenstern, T\u00fcren, Gel\u00e4ndern, M\u00f6bel u.v.m. (auch im Spritzverfahren) Fassadenanstriche und Neuputz Bodenbelagsarbeiten: Parkett, Vinyl, Laminat und Teppich Wall&amp;Deko Tapeten f\u00fcr ihre Wohnr\u00e4ume oder in ihrem Bad, anstelle von<\/p>\n","protected":false},"author":1,"featured_media":0,"parent":0,"menu_order":0,"comment_status":"closed","ping_status":"closed","template":"","meta":[],"_links":{"self":[{"href":"http:\/\/meister-malerei.com\/index.php?rest_route=\/wp\/v2\/pages\/5"}],"collection":[{"href":"http:\/\/meister-malerei.com\/index.php?rest_route=\/wp\/v2\/pages"}],"about":[{"href":"http:\/\/meister-malerei.com\/index.php?rest_route=\/wp\/v2\/types\/page"}],"author":[{"embeddable":true,"href":"http:\/\/meister-malerei.com\/index.php?rest_route=\/wp\/v2\/users\/1"}],"replies":[{"embeddable":true,"href":"http:\/\/meister-malerei.com\/index.php?rest_route=%2Fwp%2Fv2%2Fcomments&post=5"}],"version-history":[{"count":11,"href":"http:\/\/meister-malerei.com\/index.php?rest_route=\/wp\/v2\/pages\/5\/revisions"}],"predecessor-version":[{"id":62,"href":"http:\/\/meister-malerei.com\/index.php?rest_route=\/wp\/v2\/pages\/5\/revisions\/62"}],"wp:attachment":[{"href":"http:\/\/meister-malerei.com\/index.php?rest_route=%2Fwp%2Fv2%2Fmedia&parent=5"}],"curies":[{"name":"wp","href":"https:\/\/api.w.org\/{rel}","templated":true}]}}